{"id":2,"date":"2022-03-22T20:44:43","date_gmt":"2022-03-22T20:44:43","guid":{"rendered":"https:\/\/maane-co.dk\/?page_id=2"},"modified":"2025-06-23T21:36:12","modified_gmt":"2025-06-23T20:36:12","slug":"maane-co-er-en-del-af-blomsterfaellesskabet","status":"publish","type":"page","link":"https:\/\/maane-co.dk\/","title":{"rendered":"M\u00e5ne &#038; Co."},"content":{"rendered":"\n<p>M\u00e5ne &amp; Co. er en del af <a href=\"https:\/\/blomsterfaellesskabet.dk\/\">Blomsterf\u00e6llesskabet<\/a> i <a href=\"http:\/\/www.dyssekilde.dk\/\">\u00d8kosamfundet Dyssekilde<\/a>.<\/p>\n\n\n\n<p><strong>Kontakt<\/strong><br>info@maane-co.dk<br>(+45) 2214 6414<\/p>\n\n\n\n<p>VAT\/CVR-nr. 42603473<\/p>\n\n\n\n<hr class=\"wp-block-separator has-alpha-channel-opacity is-style-wide\" style=\"margin-top:var(--wp--preset--spacing--30);margin-bottom:var(--wp--preset--spacing--30)\"\/>\n\n\n\n<div class=\"wp-block-columns is-layout-flex wp-container-core-columns-is-layout-28f84493 wp-block-columns-is-layout-flex\">\n<div class=\"wp-block-column is-vertically-aligned-center is-layout-flow wp-block-column-is-layout-flow\" style=\"flex-basis:150px\">\n<figure class=\"wp-block-image aligncenter size-full is-resized\"><img loading=\"lazy\" decoding=\"async\" width=\"512\" height=\"485\" src=\"https:\/\/maane-co.dk\/wp-content\/uploads\/2025\/05\/oekologi-dk.png\" alt=\"\u00d8kologisk\" class=\"wp-image-11\" style=\"width:100px\" srcset=\"https:\/\/maane-co.dk\/wp-content\/uploads\/2025\/05\/oekologi-dk.png 512w, https:\/\/maane-co.dk\/wp-content\/uploads\/2025\/05\/oekologi-dk-300x284.png 300w\" sizes=\"auto, (max-width: 512px) 100vw, 512px\" \/><\/figure>\n<\/div>\n\n\n\n<div class=\"wp-block-column is-vertically-aligned-center is-layout-flow wp-block-column-is-layout-flow\">\n<p class=\"has-text-align-center\">Vi er certificerede \u00f8kologer!<br>1109241<br>DK-\u00d8KO-050<\/p>\n<\/div>\n\n\n\n<div class=\"wp-block-column is-vertically-aligned-center is-layout-flow wp-block-column-is-layout-flow\" style=\"flex-basis:150px\">\n<figure class=\"wp-block-image aligncenter size-full is-resized\"><img loading=\"lazy\" decoding=\"async\" width=\"500\" height=\"333\" src=\"https:\/\/maane-co.dk\/wp-content\/uploads\/2025\/05\/oekologi-eu.gif\" alt=\"Certified Organic\" class=\"wp-image-12\" style=\"width:auto;height:100px\"\/><\/figure>\n<\/div>\n<\/div>\n\n\n\n<p><\/p>\n","protected":false},"excerpt":{"rendered":"<p>M\u00e5ne &amp; Co. er en del af Blomsterf\u00e6llesskabet i \u00d8kosamfundet Dyssekilde. Kontaktinfo@maane-co.dk(+45) 2214 6414 VAT\/CVR-nr. 42603473 Vi er certificerede \u00f8kologer!1109241DK-\u00d8KO-050<\/p>\n","protected":false},"author":1,"featured_media":0,"parent":0,"menu_order":0,"comment_status":"closed","ping_status":"closed","template":"","meta":{"footnotes":""},"class_list":["post-2","page","type-page","status-publish","hentry"],"yoast_head":"<!-- This site is optimized with the Yoast SEO plugin v27.4 - https:\/\/yoast.com\/product\/yoast-seo-wordpress\/ -->\n<title>M\u00e5ne &amp; Co. - M\u00e5ne &amp; Co.<\/title>\n<meta name=\"description\" content=\"M\u00e5ne &amp; Co. er en del af Blomsterf\u00e6llesskabet i \u00d8kosamfundet Dyssekilde.\" \/>\n<meta name=\"robots\" content=\"index, follow, max-snippet:-1, max-image-preview:large, max-video-preview:-1\" \/>\n<link rel=\"canonical\" href=\"https:\/\/maane-co.dk\/\" \/>\n<meta property=\"og:locale\" content=\"da_DK\" \/>\n<meta property=\"og:type\" content=\"article\" \/>\n<meta property=\"og:title\" content=\"M\u00e5ne &amp; Co. - M\u00e5ne &amp; Co.\" \/>\n<meta property=\"og:description\" content=\"M\u00e5ne &amp; Co. er en del af Blomsterf\u00e6llesskabet i \u00d8kosamfundet Dyssekilde.\" \/>\n<meta property=\"og:url\" content=\"https:\/\/maane-co.dk\/\" \/>\n<meta property=\"og:site_name\" content=\"M\u00e5ne &amp; Co.\" \/>\n<meta property=\"article:modified_time\" content=\"2025-06-23T20:36:12+00:00\" \/>\n<meta property=\"og:image\" content=\"https:\/\/maane-co.dk\/wp-content\/uploads\/2025\/05\/oekologi-dk.png\" \/>\n\t<meta property=\"og:image:width\" content=\"512\" \/>\n\t<meta property=\"og:image:height\" content=\"485\" \/>\n\t<meta property=\"og:image:type\" content=\"image\/png\" \/>\n<meta name=\"twitter:card\" content=\"summary_large_image\" \/>\n<meta name=\"twitter:label1\" content=\"Estimeret l\u00e6setid\" \/>\n\t<meta name=\"twitter:data1\" content=\"1 minut\" \/>\n<script type=\"application\/ld+json\" class=\"yoast-schema-graph\">{\"@context\":\"https:\\\/\\\/schema.org\",\"@graph\":[{\"@type\":[\"WebPage\",\"ProfilePage\"],\"@id\":\"https:\\\/\\\/maane-co.dk\\\/\",\"url\":\"https:\\\/\\\/maane-co.dk\\\/\",\"name\":\"M\u00e5ne & Co. - M\u00e5ne &amp; Co.\",\"isPartOf\":{\"@id\":\"https:\\\/\\\/maane-co.dk\\\/#website\"},\"primaryImageOfPage\":{\"@id\":\"https:\\\/\\\/maane-co.dk\\\/#primaryimage\"},\"image\":{\"@id\":\"https:\\\/\\\/maane-co.dk\\\/#primaryimage\"},\"thumbnailUrl\":\"https:\\\/\\\/maane-co.dk\\\/wp-content\\\/uploads\\\/2025\\\/05\\\/oekologi-dk.png\",\"datePublished\":\"2022-03-22T20:44:43+00:00\",\"dateModified\":\"2025-06-23T20:36:12+00:00\",\"description\":\"M\u00e5ne & Co. er en del af Blomsterf\u00e6llesskabet i \u00d8kosamfundet Dyssekilde.\",\"breadcrumb\":{\"@id\":\"https:\\\/\\\/maane-co.dk\\\/#breadcrumb\"},\"inLanguage\":\"da-DK\",\"potentialAction\":[{\"@type\":\"ReadAction\",\"target\":[\"https:\\\/\\\/maane-co.dk\\\/\"]}]},{\"@type\":\"ImageObject\",\"inLanguage\":\"da-DK\",\"@id\":\"https:\\\/\\\/maane-co.dk\\\/#primaryimage\",\"url\":\"https:\\\/\\\/maane-co.dk\\\/wp-content\\\/uploads\\\/2025\\\/05\\\/oekologi-dk.png\",\"contentUrl\":\"https:\\\/\\\/maane-co.dk\\\/wp-content\\\/uploads\\\/2025\\\/05\\\/oekologi-dk.png\",\"width\":512,\"height\":485,\"caption\":\"\u00d8kologisk\"},{\"@type\":\"BreadcrumbList\",\"@id\":\"https:\\\/\\\/maane-co.dk\\\/#breadcrumb\",\"itemListElement\":[{\"@type\":\"ListItem\",\"position\":1,\"name\":\"Hjem\",\"item\":\"https:\\\/\\\/maane-co.dk\\\/\"},{\"@type\":\"ListItem\",\"position\":2,\"name\":\"M\u00e5ne &#038; Co.\"}]},{\"@type\":\"WebSite\",\"@id\":\"https:\\\/\\\/maane-co.dk\\\/#website\",\"url\":\"https:\\\/\\\/maane-co.dk\\\/\",\"name\":\"M\u00e5ne &amp; Co.\",\"description\":\"En del af Blomsterf\u00e6llesskabet i Dyssekilde\",\"potentialAction\":[{\"@type\":\"SearchAction\",\"target\":{\"@type\":\"EntryPoint\",\"urlTemplate\":\"https:\\\/\\\/maane-co.dk\\\/?s={search_term_string}\"},\"query-input\":{\"@type\":\"PropertyValueSpecification\",\"valueRequired\":true,\"valueName\":\"search_term_string\"}}],\"inLanguage\":\"da-DK\"}]}<\/script>\n<!-- \/ Yoast SEO plugin. -->","yoast_head_json":{"title":"M\u00e5ne & Co. - M\u00e5ne &amp; Co.","description":"M\u00e5ne & Co. er en del af Blomsterf\u00e6llesskabet i \u00d8kosamfundet Dyssekilde.","robots":{"index":"index","follow":"follow","max-snippet":"max-snippet:-1","max-image-preview":"max-image-preview:large","max-video-preview":"max-video-preview:-1"},"canonical":"https:\/\/maane-co.dk\/","og_locale":"da_DK","og_type":"article","og_title":"M\u00e5ne & Co. - M\u00e5ne &amp; Co.","og_description":"M\u00e5ne & Co. er en del af Blomsterf\u00e6llesskabet i \u00d8kosamfundet Dyssekilde.","og_url":"https:\/\/maane-co.dk\/","og_site_name":"M\u00e5ne &amp; Co.","article_modified_time":"2025-06-23T20:36:12+00:00","og_image":[{"width":512,"height":485,"url":"https:\/\/maane-co.dk\/wp-content\/uploads\/2025\/05\/oekologi-dk.png","type":"image\/png"}],"twitter_card":"summary_large_image","twitter_misc":{"Estimeret l\u00e6setid":"1 minut"},"schema":{"@context":"https:\/\/schema.org","@graph":[{"@type":["WebPage","ProfilePage"],"@id":"https:\/\/maane-co.dk\/","url":"https:\/\/maane-co.dk\/","name":"M\u00e5ne & Co. - M\u00e5ne &amp; Co.","isPartOf":{"@id":"https:\/\/maane-co.dk\/#website"},"primaryImageOfPage":{"@id":"https:\/\/maane-co.dk\/#primaryimage"},"image":{"@id":"https:\/\/maane-co.dk\/#primaryimage"},"thumbnailUrl":"https:\/\/maane-co.dk\/wp-content\/uploads\/2025\/05\/oekologi-dk.png","datePublished":"2022-03-22T20:44:43+00:00","dateModified":"2025-06-23T20:36:12+00:00","description":"M\u00e5ne & Co. er en del af Blomsterf\u00e6llesskabet i \u00d8kosamfundet Dyssekilde.","breadcrumb":{"@id":"https:\/\/maane-co.dk\/#breadcrumb"},"inLanguage":"da-DK","potentialAction":[{"@type":"ReadAction","target":["https:\/\/maane-co.dk\/"]}]},{"@type":"ImageObject","inLanguage":"da-DK","@id":"https:\/\/maane-co.dk\/#primaryimage","url":"https:\/\/maane-co.dk\/wp-content\/uploads\/2025\/05\/oekologi-dk.png","contentUrl":"https:\/\/maane-co.dk\/wp-content\/uploads\/2025\/05\/oekologi-dk.png","width":512,"height":485,"caption":"\u00d8kologisk"},{"@type":"BreadcrumbList","@id":"https:\/\/maane-co.dk\/#breadcrumb","itemListElement":[{"@type":"ListItem","position":1,"name":"Hjem","item":"https:\/\/maane-co.dk\/"},{"@type":"ListItem","position":2,"name":"M\u00e5ne &#038; Co."}]},{"@type":"WebSite","@id":"https:\/\/maane-co.dk\/#website","url":"https:\/\/maane-co.dk\/","name":"M\u00e5ne &amp; Co.","description":"En del af Blomsterf\u00e6llesskabet i Dyssekilde","potentialAction":[{"@type":"SearchAction","target":{"@type":"EntryPoint","urlTemplate":"https:\/\/maane-co.dk\/?s={search_term_string}"},"query-input":{"@type":"PropertyValueSpecification","valueRequired":true,"valueName":"search_term_string"}}],"inLanguage":"da-DK"}]}},"_links":{"self":[{"href":"https:\/\/maane-co.dk\/index.php\/wp-json\/wp\/v2\/pages\/2","targetHints":{"allow":["GET"]}}],"collection":[{"href":"https:\/\/maane-co.dk\/index.php\/wp-json\/wp\/v2\/pages"}],"about":[{"href":"https:\/\/maane-co.dk\/index.php\/wp-json\/wp\/v2\/types\/page"}],"author":[{"embeddable":true,"href":"https:\/\/maane-co.dk\/index.php\/wp-json\/wp\/v2\/users\/1"}],"replies":[{"embeddable":true,"href":"https:\/\/maane-co.dk\/index.php\/wp-json\/wp\/v2\/comments?post=2"}],"version-history":[{"count":4,"href":"https:\/\/maane-co.dk\/index.php\/wp-json\/wp\/v2\/pages\/2\/revisions"}],"predecessor-version":[{"id":19,"href":"https:\/\/maane-co.dk\/index.php\/wp-json\/wp\/v2\/pages\/2\/revisions\/19"}],"wp:attachment":[{"href":"https:\/\/maane-co.dk\/index.php\/wp-json\/wp\/v2\/media?parent=2"}],"curies":[{"name":"wp","href":"https:\/\/api.w.org\/{rel}","templated":true}]}}